

{"id":7,"date":"2023-10-20T12:08:24","date_gmt":"2023-10-20T10:08:24","guid":{"rendered":"https:\/\/pst-asb.med.univ-tours.fr\/wp\/?page_id=7"},"modified":"2025-09-17T15:58:00","modified_gmt":"2025-09-17T13:58:00","slug":"plateforme-scientifique-et-technique-analyse-des-systemes-biologiques","status":"publish","type":"page","link":"https:\/\/pst-asb.med.univ-tours.fr\/wp\/","title":{"rendered":"Accueil"},"content":{"rendered":"\n<h2 class=\"wp-block-heading has-text-align-center\">Unit\u00e9 de Services US61<br> \u00ab\u00a0Analyse des Syst\u00e8mes Biologiques\u00a0\u00bb<\/h2>\n\n\n<div class=\"wp-block-image\">\n<figure class=\"aligncenter size-large is-resized\"><img loading=\"lazy\" decoding=\"async\" width=\"977\" height=\"1024\" src=\"https:\/\/pst-asb.med.univ-tours.fr\/wp\/wp-content\/uploads\/2025\/03\/logo-PST-6-977x1024.png\" alt=\"\" class=\"wp-image-78\" style=\"width:256px\" srcset=\"https:\/\/pst-asb.med.univ-tours.fr\/wp\/wp-content\/uploads\/2025\/03\/logo-PST-6-977x1024.png 977w, https:\/\/pst-asb.med.univ-tours.fr\/wp\/wp-content\/uploads\/2025\/03\/logo-PST-6-286x300.png 286w, https:\/\/pst-asb.med.univ-tours.fr\/wp\/wp-content\/uploads\/2025\/03\/logo-PST-6-768x805.png 768w, https:\/\/pst-asb.med.univ-tours.fr\/wp\/wp-content\/uploads\/2025\/03\/logo-PST-6-1465x1536.png 1465w, https:\/\/pst-asb.med.univ-tours.fr\/wp\/wp-content\/uploads\/2025\/03\/logo-PST-6-1954x2048.png 1954w, https:\/\/pst-asb.med.univ-tours.fr\/wp\/wp-content\/uploads\/2025\/03\/logo-PST-6-1200x1258.png 1200w\" sizes=\"auto, (max-width: 709px) 85vw, (max-width: 909px) 67vw, (max-width: 1362px) 62vw, 840px\" \/><\/figure>\n<\/div>\n\n\n<blockquote class=\"wp-block-quote has-text-align-center is-layout-flow wp-block-quote-is-layout-flow\">\n<h4 class=\"wp-block-heading has-text-align-center\">Une approche int\u00e9grative et corr\u00e9lative du vivant :<br>de l&rsquo;\u00e9chelle microscopique \u00e0 l&rsquo;\u00e9chelle mol\u00e9culaire<\/h4>\n<\/blockquote>\n\n\n\n<h2 class=\"wp-block-heading\">Pr\u00e9sentation :<\/h2>\n\n\n\n<p>L&rsquo;<strong>Unit\u00e9 de Service US61<\/strong> <strong><em>Analyse des Syst\u00e8mes Biologiques<\/em><\/strong>, sous les tutelles de l&rsquo;<strong><a href=\"https:\/\/univ-tours.fr\">Universit\u00e9 de Tours<\/a><\/strong>, du <strong><a href=\"https:\/\/www.chu-tours.fr\">CHU de Tours<\/a><\/strong> et de l&rsquo;<strong><a href=\"https:\/\/www.inserm.fr\">Inserm<\/a><\/strong>, est une structure logistique transversale cr\u00e9\u00e9e en 2024. Elle fait suite \u00e0 la PST ASB mise en place en 1995.<\/p>\n\n\n\n<h3 class=\"wp-block-heading\">Composantes :<\/h3>\n\n\n\n<ul class=\"wp-block-list\">\n<li><a href=\"https:\/\/microscopies.med.univ-tours.fr\/\"><strong>Plateforme des Microscopies<\/strong><\/a> &#8212; Plateforme <a href=\"https:\/\/www.ibisa.net\/\">IBiSA<\/a> de Microscopie Electronique\n<ul class=\"wp-block-list\">\n<li>Responsable : Emmanuelle BLANCHARD-LAUMONNIER (PU-PH)<\/li>\n<\/ul>\n<\/li>\n\n\n\n<li><strong><a href=\"https:\/\/metabolomique.med.univ-tours.fr\/\">Plateforme de <span style=\"caret-color: rgb(0, 122, 204);\">M\u00e9tabolique<\/span> &amp; Analyse Chimique<\/a><\/strong> (<strong><em>PMAC<\/em><\/strong>)\n<ul class=\"wp-block-list\">\n<li>Responsable : Patrick EMOND (PU-PH) <\/li>\n\n\n\n<li>Co-responsable : Lydie NADAL DESBARATS (MCU)<\/li>\n<\/ul>\n<\/li>\n\n\n\n<li><a href=\"https:\/\/genomique.med.univ-tours.fr\/\"><strong>Plateforme de G\u00e9nomique<\/strong><\/a>\n<ul class=\"wp-block-list\">\n<li>Responsable : Charlotte VEYRAT-DUREBEX (MCU-PH)<\/li>\n<\/ul>\n<\/li>\n\n\n\n<li><strong><a href=\"https:\/\/pst-asb.med.univ-tours.fr\/wp\/?page_id=41\" data-type=\"page\" data-id=\"41\">Plateforme de Cytom\u00e9trie-<em>Single Cell Immunology<\/em><\/a><\/strong>\n<ul class=\"wp-block-list\">\n<li>Responsable : Christophe PAGET (DR Inserm)<\/li>\n<\/ul>\n<\/li>\n\n\n\n<li><strong><a href=\"https:\/\/imagerie-invivo.med.univ-tours.fr\/\">Plateforme d&rsquo;Imagerie Pr\u00e9clinique<\/a><\/strong>\n<ul class=\"wp-block-list\">\n<li>Responsable : Laurent GALINEAU (MCU)<\/li>\n<\/ul>\n<\/li>\n\n\n\n<li><strong>Plateforme de M\u00e9tabolisme Fonctionnel<\/strong>\n<ul class=\"wp-block-list\">\n<li>Responsable : Olivier H\u00c9RAULT (PU-PH)<\/li>\n<\/ul>\n<\/li>\n<\/ul>\n\n\n\n<h2 class=\"wp-block-heading\">Contacts :<\/h2>\n\n\n\n<p><strong>Secr\u00e9tariat :<\/strong> <a href=\"https:\/\/www.univ-tours.fr\/acces-rapide\/mme-saussereau-isabelle-192512.kjsp\">I. SAUSSEREAU<\/a> &#8211; <em>t\u00e9l.<\/em> 02 34 37 96 92<br>Microscopies &#8211; Facult\u00e9 de M\u00e9decine, 10 bd Tonnell\u00e9, 37032 Tours cedex<\/p>\n\n\n\n<p><strong>Responsable :<\/strong> <a href=\"https:\/\/www.univ-tours.fr\/acces-rapide\/m-emond-patrick-160465.kjsp\">Patrick EMOND<\/a><\/p>\n\n\n\n<p><strong>Co-responsable:<\/strong> <a href=\"mailto:laurent.galineau@univ-tours.fr\">Laurent GALINEAU<\/a><\/p>\n\n\n<div class=\"wp-block-image\">\n<figure class=\"aligncenter size-full is-resized\"><img loading=\"lazy\" decoding=\"async\" width=\"512\" height=\"512\" src=\"https:\/\/pst-asb.med.univ-tours.fr\/wp\/wp-content\/uploads\/2025\/03\/wip-icon.png\" alt=\"\" class=\"wp-image-76\" style=\"width:auto;height:128px\" srcset=\"https:\/\/pst-asb.med.univ-tours.fr\/wp\/wp-content\/uploads\/2025\/03\/wip-icon.png 512w, https:\/\/pst-asb.med.univ-tours.fr\/wp\/wp-content\/uploads\/2025\/03\/wip-icon-300x300.png 300w, https:\/\/pst-asb.med.univ-tours.fr\/wp\/wp-content\/uploads\/2025\/03\/wip-icon-150x150.png 150w\" sizes=\"auto, (max-width: 512px) 85vw, 512px\" \/><\/figure>\n<\/div>","protected":false},"excerpt":{"rendered":"<p>Unit\u00e9 de Services US61 \u00ab\u00a0Analyse des Syst\u00e8mes Biologiques\u00a0\u00bb Une approche int\u00e9grative et corr\u00e9lative du vivant :de l&rsquo;\u00e9chelle microscopique \u00e0 l&rsquo;\u00e9chelle mol\u00e9culaire Pr\u00e9sentation : L&rsquo;Unit\u00e9 de Service US61 Analyse des Syst\u00e8mes Biologiques, sous les tutelles de l&rsquo;Universit\u00e9 de Tours, du CHU de Tours et de l&rsquo;Inserm, est une structure logistique transversale cr\u00e9\u00e9e en 2024. Elle fait &hellip; <a href=\"https:\/\/pst-asb.med.univ-tours.fr\/wp\/\" class=\"more-link\">Continuer la lecture<span class=\"screen-reader-text\"> de &laquo;&nbsp;Accueil&nbsp;&raquo;<\/span><\/a><\/p>\n","protected":false},"author":1,"featured_media":0,"parent":0,"menu_order":0,"comment_status":"closed","ping_status":"closed","template":"","meta":{"footnotes":""},"class_list":["post-7","page","type-page","status-publish","hentry"],"_links":{"self":[{"href":"https:\/\/pst-asb.med.univ-tours.fr\/wp\/index.php?rest_route=\/wp\/v2\/pages\/7","targetHints":{"allow":["GET"]}}],"collection":[{"href":"https:\/\/pst-asb.med.univ-tours.fr\/wp\/index.php?rest_route=\/wp\/v2\/pages"}],"about":[{"href":"https:\/\/pst-asb.med.univ-tours.fr\/wp\/index.php?rest_route=\/wp\/v2\/types\/page"}],"author":[{"embeddable":true,"href":"https:\/\/pst-asb.med.univ-tours.fr\/wp\/index.php?rest_route=\/wp\/v2\/users\/1"}],"replies":[{"embeddable":true,"href":"https:\/\/pst-asb.med.univ-tours.fr\/wp\/index.php?rest_route=%2Fwp%2Fv2%2Fcomments&post=7"}],"version-history":[{"count":17,"href":"https:\/\/pst-asb.med.univ-tours.fr\/wp\/index.php?rest_route=\/wp\/v2\/pages\/7\/revisions"}],"predecessor-version":[{"id":88,"href":"https:\/\/pst-asb.med.univ-tours.fr\/wp\/index.php?rest_route=\/wp\/v2\/pages\/7\/revisions\/88"}],"wp:attachment":[{"href":"https:\/\/pst-asb.med.univ-tours.fr\/wp\/index.php?rest_route=%2Fwp%2Fv2%2Fmedia&parent=7"}],"curies":[{"name":"wp","href":"https:\/\/api.w.org\/{rel}","templated":true}]}}