

{"id":59,"date":"2023-10-24T14:39:39","date_gmt":"2023-10-24T12:39:39","guid":{"rendered":"https:\/\/pst-asb.med.univ-tours.fr\/wp\/?page_id=59"},"modified":"2023-10-24T14:41:32","modified_gmt":"2023-10-24T12:41:32","slug":"informations-legales","status":"publish","type":"page","link":"https:\/\/pst-asb.med.univ-tours.fr\/wp\/?page_id=59","title":{"rendered":"Informations l\u00e9gales"},"content":{"rendered":"\n<h3 class=\"wp-block-heading\">Informations relatives \u00e0 l\u2019\u00e9diteur<\/h3>\n\n\n\n<p><strong>D\u00e9partement d&rsquo;Analyse Chimique et M\u00e9tabolomique<\/strong><br>Facult\u00e9 de M\u00e9decine<br>10 bd Tonnell\u00e9 &#8211; BP 3223<br>37032 TOURS Cedex<br>France<br><em>T\u00e9l\u00e9phone :<\/em> 02 47 36 61 33\/60 62<br><em>Courriel secr\u00e9tariat :<\/em>&nbsp;<a href=\"mailto:isabelle.saussereau@univ-tours.fr\">isabelle.saussereau@univ-tours.fr<\/a><br><em>Courriel \u00e9diteur :<\/em>&nbsp;<a href=\"mailto:pierre-ivan.raynal@univ-tours.fr\">pierre-ivan.raynal@univ-tours.fr<\/a><\/p>\n\n\n\n<p><strong>Directeur de la publication<\/strong>&nbsp;:&nbsp;<a href=\"https:\/\/www.univ-tours.fr\/annuaire\/m-patrick-emond\">Patrick EMOND<\/a><\/p>\n\n\n\n<p><strong>Cr\u00e9dits photos<\/strong>&nbsp;: PST&nbsp;<em>Analyse des Syst\u00e8mes Biologiques ;<\/em> <a href=\"https:\/\/commons.wikimedia.org\/wiki\/Main_Page\" data-type=\"link\" data-id=\"https:\/\/commons.wikimedia.org\/wiki\/Main_Page\">Wikimedia <\/a><a href=\"https:\/\/commons.wikimedia.org\/\" data-type=\"link\" data-id=\"https:\/\/commons.wikimedia.org\/wiki\/Main_Page\">Commons<\/a><\/p>\n\n\n\n<h3 class=\"wp-block-heading\">Donn\u00e9es personnelles et informations nominatives<\/h3>\n\n\n\n<p>Les donn\u00e9es personnelles recueillies sur le site r\u00e9sultent de la communication volontaire d\u2019une adresse de courrier \u00e9lectronique lors du d\u00e9p\u00f4t d\u2019un message \u00e9lectronique. Les courriels ainsi recueillis ne servent qu\u2019\u00e0 transmettre les \u00e9l\u00e9ments d\u2019informations demand\u00e9s.<\/p>\n\n\n\n<p>Conform\u00e9ment \u00e0 l\u2019article 34 de la Loi \u00ab&nbsp;Informatique et Libert\u00e9s&nbsp;\u00bb n\u00b0 78-17 du 6 janvier 1978, modifi\u00e9e le 6 ao\u00fbt 2004, vous disposez d\u2019un droit d\u2019acc\u00e8s, de modification, de rectification et de suppression des donn\u00e9es qui vous concernent.<\/p>\n\n\n\n<p>Vous pouvez l\u2019exercer sur simple demande \u00e9crite \u00e0 l\u2019adresse suivante :<br><em>D\u00e9partement d&rsquo;Analyse Chimique<\/em><br>Facult\u00e9 de M\u00e9decine, 10 bd Tonnell\u00e9 \u2013&nbsp;BP 3223, 37032 TOURS Cedex<\/p>\n\n\n\n<h3 class=\"wp-block-heading\">Legislation<\/h3>\n\n\n\n<p>En application de la loi du 11 mars 1957 (art. 41) et du code de la propri\u00e9t\u00e9 intellectuelle du 1er juillet 1992, toute reproduction partielle ou totale \u00e0 usage collectif est strictement interdite sans autorisation du D\u00e9partement d&rsquo;Analyse Chimique et M\u00e9tabolomique.<br>Les logos, visuels et marques pr\u00e9sents sur ce site sont la propri\u00e9t\u00e9 de leurs d\u00e9tenteurs respectifs.<br>Ce site peut, \u00e0 son insu, avoir \u00e9t\u00e9 reli\u00e9 \u00e0 d\u2019autres sites par le biais de liens hyperm\u00e9dia. Le D\u00e9partement d&rsquo;Analyse Chimique et M\u00e9tabolomique d\u00e9cline toute responsabilit\u00e9 pour les informations pr\u00e9sent\u00e9es sur ces autres sites.<br>L\u2019internaute reconna\u00eet que l\u2019utilisation du site du D\u00e9partement d&rsquo;Analyse Chimique et M\u00e9tabolomique est r\u00e9gie par le droit fran\u00e7ais.<\/p>\n\n\n\n<h3 class=\"wp-block-heading\">Mise \u00e0 jour<\/h3>\n\n\n\n<p>La mise \u00e0 jour du site est r\u00e9alis\u00e9e r\u00e9guli\u00e8rement par l\u2019\u00e9quipe du D\u00e9partement.<\/p>\n\n\n\n<p>Nous rappelons que le contenu du site Internet peut comporter des inexactitudes ou omissions, et que ce contenu est susceptible d\u2019\u00eatre modifi\u00e9 ou mis \u00e0 jour dans de brefs d\u00e9lais.<br>Si vous constatez un lien bris\u00e9, une omission ou une erreur, vous pouvez le faire savoir aupr\u00e8s de l\u2019administrateur du site par courriel, t\u00e9l\u00e9phone ou voie postale, aux coordonn\u00e9es qui figurent en haut de cette page.<\/p>\n\n\n\n<h3 class=\"wp-block-heading\">H\u00e9bergement<\/h3>\n\n\n\n<p>Universit\u00e9 de Tours, Facult\u00e9 de M\u00e9decine de Tours<\/p>\n\n\n\n<h3 class=\"wp-block-heading\">Prestataire et outil de gestion et d\u2019administration du site<\/h3>\n\n\n\n<p>Ce site fonctionne avec&nbsp;<a href=\"http:\/\/www.wordpress-fr.net\/\"><strong>WordPress<\/strong><\/a>, syst\u00e8me de gestion de contenu (CMS).<br>Editeur:&nbsp;<a href=\"http:\/\/wordpress.org\/\">WordPress<\/a><\/p>\n","protected":false},"excerpt":{"rendered":"<p>Informations relatives \u00e0 l\u2019\u00e9diteur D\u00e9partement d&rsquo;Analyse Chimique et M\u00e9tabolomiqueFacult\u00e9 de M\u00e9decine10 bd Tonnell\u00e9 &#8211; BP 322337032 TOURS CedexFranceT\u00e9l\u00e9phone : 02 47 36 61 33\/60 62Courriel secr\u00e9tariat :&nbsp;isabelle.saussereau@univ-tours.frCourriel \u00e9diteur :&nbsp;pierre-ivan.raynal@univ-tours.fr Directeur de la publication&nbsp;:&nbsp;Patrick EMOND Cr\u00e9dits photos&nbsp;: PST&nbsp;Analyse des Syst\u00e8mes Biologiques ; Wikimedia Commons Donn\u00e9es personnelles et informations nominatives Les donn\u00e9es personnelles recueillies sur le site &hellip; <a href=\"https:\/\/pst-asb.med.univ-tours.fr\/wp\/?page_id=59\" class=\"more-link\">Continuer la lecture<span class=\"screen-reader-text\"> de &laquo;&nbsp;Informations l\u00e9gales&nbsp;&raquo;<\/span><\/a><\/p>\n","protected":false},"author":1,"featured_media":0,"parent":0,"menu_order":0,"comment_status":"closed","ping_status":"closed","template":"","meta":{"footnotes":""},"class_list":["post-59","page","type-page","status-publish","hentry"],"_links":{"self":[{"href":"https:\/\/pst-asb.med.univ-tours.fr\/wp\/index.php?rest_route=\/wp\/v2\/pages\/59","targetHints":{"allow":["GET"]}}],"collection":[{"href":"https:\/\/pst-asb.med.univ-tours.fr\/wp\/index.php?rest_route=\/wp\/v2\/pages"}],"about":[{"href":"https:\/\/pst-asb.med.univ-tours.fr\/wp\/index.php?rest_route=\/wp\/v2\/types\/page"}],"author":[{"embeddable":true,"href":"https:\/\/pst-asb.med.univ-tours.fr\/wp\/index.php?rest_route=\/wp\/v2\/users\/1"}],"replies":[{"embeddable":true,"href":"https:\/\/pst-asb.med.univ-tours.fr\/wp\/index.php?rest_route=%2Fwp%2Fv2%2Fcomments&post=59"}],"version-history":[{"count":3,"href":"https:\/\/pst-asb.med.univ-tours.fr\/wp\/index.php?rest_route=\/wp\/v2\/pages\/59\/revisions"}],"predecessor-version":[{"id":62,"href":"https:\/\/pst-asb.med.univ-tours.fr\/wp\/index.php?rest_route=\/wp\/v2\/pages\/59\/revisions\/62"}],"wp:attachment":[{"href":"https:\/\/pst-asb.med.univ-tours.fr\/wp\/index.php?rest_route=%2Fwp%2Fv2%2Fmedia&parent=59"}],"curies":[{"name":"wp","href":"https:\/\/api.w.org\/{rel}","templated":true}]}}