

{"id":45,"date":"2023-10-23T15:32:17","date_gmt":"2023-10-23T13:32:17","guid":{"rendered":"https:\/\/pst-asb.med.univ-tours.fr\/wp\/?page_id=45"},"modified":"2023-10-23T15:36:16","modified_gmt":"2023-10-23T13:36:16","slug":"cytometrie-equipements","status":"publish","type":"page","link":"https:\/\/pst-asb.med.univ-tours.fr\/wp\/?page_id=45","title":{"rendered":"Cytom\u00e9trie &#8211; Equipements"},"content":{"rendered":"\n<h2 class=\"wp-block-heading\">Equipements<\/h2>\n\n\n\n<p>La plateforme g\u00e8re un parc d&rsquo;appareils destin\u00e9s \u00e0 la biologie cellulaire qu&rsquo;elle met \u00e0 la disposition des \u00e9quipes de recherche de l&rsquo;Universit\u00e9 de Tours ou ext\u00e9rieures. La plateforme g\u00e8re et assure la maintenance et le contr\u00f4le qualit\u00e9 de ces \u00e9quipements. Elle forme \u00e9galement les utilisateurs et les conseille dans leurs applications.<\/p>\n\n\n\n<h3 class=\"wp-block-heading\">Trieur Astrios (Beckman Coulter)<\/h3>\n\n\n<div class=\"wp-block-image\">\n<figure class=\"aligncenter size-full is-resized\"><img loading=\"lazy\" decoding=\"async\" width=\"1064\" height=\"798\" src=\"https:\/\/pst-asb.med.univ-tours.fr\/wp\/wp-content\/uploads\/2023\/10\/astrios.jpg\" alt=\"\" class=\"wp-image-33\" style=\"width:480px\"\/><\/figure>\n<\/div>\n\n\n<p>Int\u00e9gr\u00e9 dans une hotte BSL-2, ce trieur de cellules \u00e0 5 lasers (355nm, 405nm, 488nm, 532nm et 638nm) permet de distinguer 25 couleurs et d\u2019aller jusqu\u2019\u00e0 6 voies de tri. Il peut \u00e9galement trier sur plaques, jusqu\u2019\u00e0 384 puits. Uniquement disponible avec op\u00e9rateur assist\u00e9.<\/p>\n\n\n\n<h3 class=\"wp-block-heading\">Imageur en flux Amnis ImageStream X (IMSX)<\/h3>\n\n\n<div class=\"wp-block-image\">\n<figure class=\"aligncenter size-full is-resized\"><img loading=\"lazy\" decoding=\"async\" width=\"1099\" height=\"824\" src=\"https:\/\/pst-asb.med.univ-tours.fr\/wp\/wp-content\/uploads\/2023\/10\/amnis.jpg\" alt=\"\" class=\"wp-image-40\" style=\"width:480px\"\/><\/figure>\n<\/div>\n\n\n<p>Cette technologie innovante permet \u00e0 la fois l\u2019analyse par cytom\u00e9trie en flux et par microscopie d\u2019une suspension cellulaire. Con\u00e7u pour l\u2019acquisition jusqu\u2019\u00e0 12 canaux (4 lasers: 405nm, 488nm, 561nm et 638nm), l\u2019ImageStream est \u00e9quip\u00e9 de 2 cam\u00e9ras, prenant chaque cellule en image avec une haute r\u00e9solution (grossissement jusqu\u2019\u00e0 60X). L\u2019IMSX combine le contenu d\u2019informations par cellule fourni par la microscopie standard (changement de forme, co-localisation, cycle cellulaire, translocation nucl\u00e9aire, interactions cellulaires, entre autres) avec la signification statistique offerte par les grands \u00e9chantillons communs \u00e0 la cytom\u00e9trie en flux standard.<\/p>\n\n\n\n<h3 class=\"wp-block-heading\">IsoSpark (Isoplexis) &#8211; analyse prot\u00e9omique en cellule unique.<\/h3>\n\n\n<div class=\"wp-block-image\">\n<figure class=\"aligncenter size-full is-resized\"><img loading=\"lazy\" decoding=\"async\" width=\"1200\" height=\"900\" src=\"https:\/\/pst-asb.med.univ-tours.fr\/wp\/wp-content\/uploads\/2023\/10\/isoplexis.jpg\" alt=\"\" class=\"wp-image-37\" style=\"width:480px\"\/><\/figure>\n<\/div>\n\n\n<p>Caract\u00e9risation fonctionnelle des cellules immunitaires au niveau d\u2019une seule cellule. Domaines de recherche : cancer, immunologie, th\u00e9rapie cellulaire, maladies infectieuses, inflammation, th\u00e9rapies cibl\u00e9es.  <\/p>\n\n\n\n<h3 class=\"wp-block-heading\">Bioplex 200 (Biorad)<\/h3>\n\n\n<div class=\"wp-block-image\">\n<figure class=\"aligncenter size-full is-resized\"><img loading=\"lazy\" decoding=\"async\" width=\"1067\" height=\"800\" src=\"https:\/\/pst-asb.med.univ-tours.fr\/wp\/wp-content\/uploads\/2023\/10\/luminex.jpg\" alt=\"\" class=\"wp-image-38\" style=\"width:480px\"\/><\/figure>\n<\/div>\n\n\n<p>Gr\u00e2ce \u00e0 la technologie xMAP de Luminex, cet appareil permet de d\u00e9tecter et de quantifier \u00e0 partir de 25\u00b5l d\u2019\u00e9chantillon (surnageants de culture, s\u00e9rum, plasma, s\u00e9cr\u00e9tions) jusqu\u2019\u00e0 100 analytes diff\u00e9rents (cytokines, chimiokines, facteurs de croissances, marqueurs m\u00e9taboliques..). Cet appareil est compatible avec diff\u00e9rents fournisseurs de kits Luminex.<\/p>\n\n\n\n<h3 class=\"wp-block-heading\">Chromium 10X Genomics<\/h3>\n\n\n<div class=\"wp-block-image\">\n<figure class=\"aligncenter size-full is-resized\"><img loading=\"lazy\" decoding=\"async\" width=\"512\" height=\"572\" src=\"https:\/\/pst-asb.med.univ-tours.fr\/wp\/wp-content\/uploads\/2023\/10\/chromium10x.png\" alt=\"\" class=\"wp-image-35\" style=\"width:360px\"\/><\/figure>\n<\/div>\n\n\n<p>Cet \u00e9quipement est \u00e0 l\u2019interface entre le d\u00e9partement g\u00e9nomique et le d\u00e9partement CSI. Il permet d\u2019isoler \u00e0 haut d\u00e9bit une cellule dans une gouttelette et ce jusqu\u2019\u00e0 10 000 cellules et de pr\u00e9parer des librairies d\u2019ADNc barcod\u00e9es \u00e0 partir des ARNm contenus dans chaque gouttelette. L\u2019\u00e9tude de la transcriptomique, CITE-Seq, ATAC-Seq ou encore le r\u00e9arrangement BCR \/ TCR se fait ensuite par s\u00e9quen\u00e7age (MiSeq ou NextSeq d\u2019Illumina) sur la plateforme UTTIL. Cette technologie permet d\u2019\u00e9tudier la diversit\u00e9 cellulaire et de caract\u00e9riser l\u2019ensemble des populations pr\u00e9sentes dans un \u00e9chantillon.<\/p>\n","protected":false},"excerpt":{"rendered":"<p>Equipements La plateforme g\u00e8re un parc d&rsquo;appareils destin\u00e9s \u00e0 la biologie cellulaire qu&rsquo;elle met \u00e0 la disposition des \u00e9quipes de recherche de l&rsquo;Universit\u00e9 de Tours ou ext\u00e9rieures. La plateforme g\u00e8re et assure la maintenance et le contr\u00f4le qualit\u00e9 de ces \u00e9quipements. Elle forme \u00e9galement les utilisateurs et les conseille dans leurs applications. Trieur Astrios (Beckman &hellip; <a href=\"https:\/\/pst-asb.med.univ-tours.fr\/wp\/?page_id=45\" class=\"more-link\">Continuer la lecture<span class=\"screen-reader-text\"> de &laquo;&nbsp;Cytom\u00e9trie &#8211; Equipements&nbsp;&raquo;<\/span><\/a><\/p>\n","protected":false},"author":1,"featured_media":0,"parent":0,"menu_order":0,"comment_status":"closed","ping_status":"closed","template":"","meta":{"footnotes":""},"class_list":["post-45","page","type-page","status-publish","hentry"],"_links":{"self":[{"href":"https:\/\/pst-asb.med.univ-tours.fr\/wp\/index.php?rest_route=\/wp\/v2\/pages\/45","targetHints":{"allow":["GET"]}}],"collection":[{"href":"https:\/\/pst-asb.med.univ-tours.fr\/wp\/index.php?rest_route=\/wp\/v2\/pages"}],"about":[{"href":"https:\/\/pst-asb.med.univ-tours.fr\/wp\/index.php?rest_route=\/wp\/v2\/types\/page"}],"author":[{"embeddable":true,"href":"https:\/\/pst-asb.med.univ-tours.fr\/wp\/index.php?rest_route=\/wp\/v2\/users\/1"}],"replies":[{"embeddable":true,"href":"https:\/\/pst-asb.med.univ-tours.fr\/wp\/index.php?rest_route=%2Fwp%2Fv2%2Fcomments&post=45"}],"version-history":[{"count":6,"href":"https:\/\/pst-asb.med.univ-tours.fr\/wp\/index.php?rest_route=\/wp\/v2\/pages\/45\/revisions"}],"predecessor-version":[{"id":52,"href":"https:\/\/pst-asb.med.univ-tours.fr\/wp\/index.php?rest_route=\/wp\/v2\/pages\/45\/revisions\/52"}],"wp:attachment":[{"href":"https:\/\/pst-asb.med.univ-tours.fr\/wp\/index.php?rest_route=%2Fwp%2Fv2%2Fmedia&parent=45"}],"curies":[{"name":"wp","href":"https:\/\/api.w.org\/{rel}","templated":true}]}}