

{"id":41,"date":"2023-10-23T15:30:05","date_gmt":"2023-10-23T13:30:05","guid":{"rendered":"https:\/\/pst-asb.med.univ-tours.fr\/wp\/?page_id=41"},"modified":"2023-10-23T15:38:16","modified_gmt":"2023-10-23T13:38:16","slug":"cytometrie","status":"publish","type":"page","link":"https:\/\/pst-asb.med.univ-tours.fr\/wp\/?page_id=41","title":{"rendered":"Cytom\u00e9trie"},"content":{"rendered":"<div class=\"wp-block-image is-style-default\">\n<figure class=\"aligncenter size-full is-resized\"><img loading=\"lazy\" decoding=\"async\" width=\"960\" height=\"360\" src=\"https:\/\/pst-asb.med.univ-tours.fr\/wp\/wp-content\/uploads\/2023\/10\/bandeau-fac-med.jpg\" alt=\"Facult\u00e9 de M\u00e9decine de Tours\" class=\"wp-image-34\" style=\"width:480px\"\/><\/figure>\n<\/div>\n\n\n<h2 class=\"wp-block-heading\">Pr\u00e9sentation<\/h2>\n\n\n\n<p>La plateforme <strong>\u00ab Cytometry and Single cell Immunobiology \u00bb<\/strong> est ouverte \u00e0 toutes les \u00e9quipes de l\u2019Universit\u00e9 de Tours et aux \u00e9quipes ext\u00e9rieures (des secteurs public et priv\u00e9) qui en feraient la demande. Sp\u00e9cialis\u00e9e en cytom\u00e9trie en flux et dans des approches de single cell, le d\u00e9partement CSI met \u00e0 disposition des \u00e9quipements et d\u00e9veloppe, optimise et propose diff\u00e9rentes technologies pour l\u2019analyse cellulaire, en particulier dans les domaines de l\u2019immunobiologie, la canc\u00e9rologie, l\u2019infectiologie ou encore les neurosciences.<\/p>\n\n\n\n<p>Le d\u00e9partement vous accueille pour vos projets et vous accompagne sur l\u2019utilisation des diff\u00e9rentes technologies.<\/p>\n\n\n\n<p>Les <a href=\"https:\/\/pst-asb.med.univ-tours.fr\/wp\/?page_id=45\" data-type=\"link\" data-id=\"https:\/\/pst-asb.med.univ-tours.fr\/wp\/?page_id=45\">\u00e9quipements<\/a> d&rsquo;analyse cellulaire disponibles sur la plateforme sont :<\/p>\n\n\n\n<ul class=\"wp-block-list\">\n<li>1 trieur cellulaire Astrios (Beckman Coulter) (L1, sous enceinte de protection) : 5 lasers, 20 couleurs, 6 voies de tri<\/li>\n\n\n\n<li>Imageur en flux Amnis (Millipore) : 3 lasers (UV, bleu, rouge), 12 canaux, 3 objectifs (x20, x40, x60)<\/li>\n\n\n\n<li>1 Isospark (Isoplexis) pour l\u2019analyse prot\u00e9omique en single cell<\/li>\n\n\n\n<li>1 Chromium (10X Genomics) pour l\u2019analyse transcriptomique en single cell<\/li>\n\n\n\n<li>1 syst\u00e8me Bioplex 200 Biorad (technologie Luminex)<\/li>\n\n\n\n<li>2 Postes d\u2019analyse Flow Jo (PC)<\/li>\n\n\n\n<li>1 poste PC Linux<\/li>\n<\/ul>\n\n\n\n<h2 class=\"wp-block-heading\">Personnels<\/h2>\n\n\n\n<ul class=\"wp-block-list\">\n<li><a href=\"mailto:christophe.paget@inserm.fr\"><strong>Christophe Paget<\/strong><\/a> (<strong>responsable<\/strong>), charg\u00e9 de recherches INSERM<\/li>\n\n\n\n<li><a href=\"mailto:roxane.lemoine@univ-tours.fr\"><strong>Roxane Lemoine<\/strong><\/a>, ing\u00e9nieure de recherche Universit\u00e9<\/li>\n<\/ul>\n\n\n\n<h2 class=\"wp-block-heading\">Localisation<\/h2>\n\n\n\n<p>La plateforme CSI est situ\u00e9e dans le b\u00e2timent Vialle (niveaux -1 et 3) \u00e0 la Facult\u00e9 de M\u00e9decine de l\u2019Universit\u00e9 de Tours (10 Boulevard Tonnell\u00e9, 37032 TOURS).<\/p>\n\n\n\n<h2 class=\"wp-block-heading\">Contact<\/h2>\n\n\n\n<p><strong>Christophe PAGET<\/strong>, responsable de la plateforme CSI<br>Inserm U1100 \/ CEPR<br>Facult\u00e9 de M\u00e9decine, Universit\u00e9 de Tours<br>10 Boulevard Tonnell\u00e9 &#8211; 37032 TOURS Cedex<br>T\u00e9l. : 02-47-36-60-68<br>e-mail : <a href=\"mailto:christophe.paget@inserm.fr\"><code>christophe.paget@inserm.fr<\/code><\/a><\/p>\n\n\n\n<h2 class=\"wp-block-heading\">Prestations<\/h2>\n\n\n\n<ul class=\"wp-block-list\">\n<li>Tris cellulaires<\/li>\n\n\n\n<li>Analyse de cytom\u00e9trie en flux<\/li>\n\n\n\n<li>Formation des utilisateurs sur les \u00e9quipements et logiciels<\/li>\n\n\n\n<li>D\u00e9veloppement de nouvelles applications<\/li>\n\n\n\n<li>Prise en charge de l\u2019acquisition et de l\u2019analyse des donn\u00e9es<\/li>\n\n\n\n<li>Conseils aux utilisateurs<\/li>\n\n\n\n<li>Collaborations scientifiques (aide \u00e0 la pr\u00e9paration de manuscrits, figures, mat\u00e9riels et m\u00e9thodes)<\/li>\n<\/ul>\n\n\n<div class=\"wp-block-image\">\n<figure class=\"aligncenter size-full is-resized\"><img loading=\"lazy\" decoding=\"async\" width=\"800\" height=\"533\" src=\"https:\/\/pst-asb.med.univ-tours.fr\/wp\/wp-content\/uploads\/2023\/10\/Well_Plate_37821508295.jpg\" alt=\"\" class=\"wp-image-39\" style=\"width:360px\"\/><\/figure>\n<\/div>","protected":false},"excerpt":{"rendered":"<p>Pr\u00e9sentation La plateforme \u00ab Cytometry and Single cell Immunobiology \u00bb est ouverte \u00e0 toutes les \u00e9quipes de l\u2019Universit\u00e9 de Tours et aux \u00e9quipes ext\u00e9rieures (des secteurs public et priv\u00e9) qui en feraient la demande. Sp\u00e9cialis\u00e9e en cytom\u00e9trie en flux et dans des approches de single cell, le d\u00e9partement CSI met \u00e0 disposition des \u00e9quipements et &hellip; <a href=\"https:\/\/pst-asb.med.univ-tours.fr\/wp\/?page_id=41\" class=\"more-link\">Continuer la lecture<span class=\"screen-reader-text\"> de &laquo;&nbsp;Cytom\u00e9trie&nbsp;&raquo;<\/span><\/a><\/p>\n","protected":false},"author":1,"featured_media":0,"parent":0,"menu_order":0,"comment_status":"closed","ping_status":"closed","template":"","meta":{"footnotes":""},"class_list":["post-41","page","type-page","status-publish","hentry"],"_links":{"self":[{"href":"https:\/\/pst-asb.med.univ-tours.fr\/wp\/index.php?rest_route=\/wp\/v2\/pages\/41","targetHints":{"allow":["GET"]}}],"collection":[{"href":"https:\/\/pst-asb.med.univ-tours.fr\/wp\/index.php?rest_route=\/wp\/v2\/pages"}],"about":[{"href":"https:\/\/pst-asb.med.univ-tours.fr\/wp\/index.php?rest_route=\/wp\/v2\/types\/page"}],"author":[{"embeddable":true,"href":"https:\/\/pst-asb.med.univ-tours.fr\/wp\/index.php?rest_route=\/wp\/v2\/users\/1"}],"replies":[{"embeddable":true,"href":"https:\/\/pst-asb.med.univ-tours.fr\/wp\/index.php?rest_route=%2Fwp%2Fv2%2Fcomments&post=41"}],"version-history":[{"count":4,"href":"https:\/\/pst-asb.med.univ-tours.fr\/wp\/index.php?rest_route=\/wp\/v2\/pages\/41\/revisions"}],"predecessor-version":[{"id":53,"href":"https:\/\/pst-asb.med.univ-tours.fr\/wp\/index.php?rest_route=\/wp\/v2\/pages\/41\/revisions\/53"}],"wp:attachment":[{"href":"https:\/\/pst-asb.med.univ-tours.fr\/wp\/index.php?rest_route=%2Fwp%2Fv2%2Fmedia&parent=41"}],"curies":[{"name":"wp","href":"https:\/\/api.w.org\/{rel}","templated":true}]}}